{"id":4,"date":"2017-03-21T07:38:26","date_gmt":"2017-03-21T07:38:26","guid":{"rendered":"http:\/\/demo.weblizar.com\/appointment-scheduler-pro-admin-demo\/?page_id=4"},"modified":"2026-02-14T19:01:29","modified_gmt":"2026-02-14T11:01:29","slug":"appointment-scheduler-pro-plugin-demo","status":"publish","type":"page","link":"https:\/\/demo.weblizar.com\/appointment-scheduler-pro-admin-demo\/appointment-scheduler-pro-plugin-demo\/","title":{"rendered":"Appointment Scheduler Pro Plugin Demo"},"content":{"rendered":"<p>Qu&#8217;est-ce que le Lorem Ipsum?<br \/>\nLe Lorem Ipsum est simplement du faux texte employ\u00e9 dans la composition et la mise en page avant impression. Le Lorem Ipsum est le faux texte standard de l&#8217;imprimerie depuis les ann\u00e9es 1500, quand un imprimeur anonyme assembla ensemble des morceaux de texte pour r\u00e9aliser un livre sp\u00e9cimen de polices de texte. Il n&#8217;a pas fait que survivre cinq si\u00e8cles, mais s&#8217;est aussi adapt\u00e9 \u00e0 la bureautique informatique, sans que son contenu n&#8217;en soit modifi\u00e9. Il a \u00e9t\u00e9 popularis\u00e9 dans les ann\u00e9es 1960 gr\u00e2ce \u00e0 la vente de feuilles Letraset contenant des passages du Lorem Ipsum, et, plus r\u00e9cemment, par son inclusion dans des applications de mise en page de texte, comme Aldus PageMaker.<\/p>\n<p>Pourquoi l&#8217;utiliser?<br \/>\nOn sait depuis longtemps que travailler avec du texte lisible et contenant du sens est source de distractions, et emp\u00eache de se concentrer sur la mise en page elle-m\u00eame. L&#8217;avantage du Lorem Ipsum sur un texte g\u00e9n\u00e9rique comme &#8216;Du texte. Du texte. Du texte.&#8217; est qu&#8217;il poss\u00e8de <a href=\"https:\/\/masterararbeit-schreibenlassen.de\/\" style=\"color: inherit;text-decoration: none\" rel=\"\u201ddofollow\u201d\"> masterarbeit schreiben lassen <\/a> une distribution de lettres plus ou moins normale, et en tout cas comparable avec celle du fran\u00e7ais standard. De nombreuses suites logicielles de mise en page ou \u00e9diteurs de sites Web ont fait du Lorem Ipsum leur faux texte par d\u00e9faut, et une recherche pour &#8216;Lorem Ipsum&#8217; vous conduira vers de nombreux sites qui n&#8217;en sont encore qu&#8217;\u00e0 leur phase de construction. Plusieurs versions sont apparues avec le temps, parfois par accident, souvent intentionnellement (histoire d&#8217;y rajouter de petits clins d&#8217;oeil, voire des phrases embarassantes).<\/p>\n<p>D&#8217;o\u00f9 vient-il?<br \/>\nContrairement \u00e0 une opinion r\u00e9pandue, le Lorem Ipsum n&#8217;est pas simplement du texte al\u00e9atoire. Il trouve ses racines dans une oeuvre de la litt\u00e9rature latine classique datant de 45 av. J.-C., le rendant vieux de 2000 ans. Un professeur du Hampden-Sydney College, en Virginie, s&#8217;est int\u00e9ress\u00e9 \u00e0 un des mots latins les plus obscurs, consectetur, extrait d&#8217;un passage du Lorem Ipsum, et en \u00e9tudiant tous les usages de ce mot dans la litt\u00e9rature classique, d\u00e9couvrit la source incontestable du Lorem Ipsum. Il provient<br \/>\n d&#8217;une tradition qui a travers\u00e9 les si\u00e8cles, tout comme certains jeux de hasard modernes conservent des \u00e9l\u00e9ments classiques, par exemple dans <a href=\"https:\/\/www.platincasinoplay.de\/\" style=\"text-decoration: none !important;color: inherit !important\">platin casino play<\/a> o\u00f9 l&#8217;on retrouve cette fusion entre ancien et contemporain.<\/p>\n<p>[appointment id=1]<\/p>\n<p>Qu&#8217;est-ce que le Lorem Ipsum?<br \/>\nLe Lorem Ipsum est simplement du faux texte employ\u00e9 dans la composition et la mise en page avant impression. Le Lorem Ipsum est le faux texte standard de l&#8217;imprimerie depuis les ann\u00e9es 1500, quand un imprimeur anonyme assembla ensemble des morceaux de texte pour r\u00e9aliser un livre sp\u00e9cimen de <a href=\"https:\/\/www.hausarbeiten-ghostwriter.com\/\" style=\"color: inherit;text-decoration: none\" rel=\"\u201ddofollow\u201d\"> hausarbeit schreiben lassen <\/a> polices de texte. Il n&#8217;a pas fait que survivre cinq si\u00e8cles, mais s&#8217;est aussi adapt\u00e9 \u00e0 la bureautique informatique, sans que son contenu n&#8217;en soit modifi\u00e9. Il a \u00e9t\u00e9 popularis\u00e9 dans les ann\u00e9es 1960 gr\u00e2ce \u00e0 la vente de feuilles Letraset contenant des passages du Lorem Ipsum, et, plus r\u00e9cemment, par son inclusion dans des applications de mise en page de texte, comme Aldus PageMaker.<\/p>\n<p>Pourquoi l&#8217;utiliser?<br \/>\nOn sait depuis longtemps que travailler avec du texte lisible et contenant du sens est source de distractions, et emp\u00eache de se concentrer sur la mise en page elle-m\u00eame. L&#8217;avantage du Lorem Ipsum sur un texte g\u00e9n\u00e9rique comme &#8216;Du texte. Du texte. Du texte.&#8217; est qu&#8217;il poss\u00e8de une distribution de lettres plus ou moins normale, et en tout cas comparable avec celle du fran\u00e7ais standard. De nombreuses suites logicielles de mise en page ou \u00e9diteurs de sites Web ont fait du Lorem Ipsum leur faux texte par d\u00e9faut, et une recherche pour &#8216;Lorem Ipsum&#8217; vous conduira vers de nombreux sites qui n&#8217;en sont encore qu&#8217;\u00e0 leur phase de construction. Plusieurs versions sont apparues avec le temps, parfois par accident, souvent intentionnellement (histoire d&#8217;y rajouter de petits clins d&#8217;oeil, voire des phrases embarassantes).<\/p>\n<p>D&#8217;o\u00f9 vient-il?<br \/>\nContrairement \u00e0 une opinion r\u00e9pandue, le Lorem Ipsum n&#8217;est pas simplement du texte al\u00e9atoire. Il trouve ses racines dans une oeuvre de la litt\u00e9rature latine classique datant de 45 av. J.-C., le rendant vieux de 2000 ans. Un professeur du Hampden-Sydney College, en Virginie, s&#8217;est int\u00e9ress\u00e9 \u00e0 un des mots latins les plus obscurs, consectetur, extrait d&#8217;un passage du Lorem Ipsum, et en \u00e9tudiant tous les usages de ce mot dans la litt\u00e9rature classique, d\u00e9couvrit la source incontestable du Lorem Ipsum. Il provient <\/p>\n","protected":false},"excerpt":{"rendered":"<p>Qu&#8217;est-ce que le Lorem Ipsum? Le Lorem Ipsum est simplement du faux texte employ\u00e9 dans la composition et la mise en page avant impression. Le Lorem Ipsum est le faux texte standard de l&#8217;imprimerie depuis les ann\u00e9es 1500, quand un imprimeur anonyme assembla ensemble des morceaux de texte pour r\u00e9aliser un livre sp\u00e9cimen de polices<\/p>\n","protected":false},"author":1,"featured_media":0,"parent":0,"menu_order":0,"comment_status":"closed","ping_status":"closed","template":"elementor_header_footer","meta":{"footnotes":""},"class_list":["post-4","page","type-page","status-publish","hentry"],"_links":{"self":[{"href":"https:\/\/demo.weblizar.com\/appointment-scheduler-pro-admin-demo\/wp-json\/wp\/v2\/pages\/4","targetHints":{"allow":["GET"]}}],"collection":[{"href":"https:\/\/demo.weblizar.com\/appointment-scheduler-pro-admin-demo\/wp-json\/wp\/v2\/pages"}],"about":[{"href":"https:\/\/demo.weblizar.com\/appointment-scheduler-pro-admin-demo\/wp-json\/wp\/v2\/types\/page"}],"author":[{"embeddable":true,"href":"https:\/\/demo.weblizar.com\/appointment-scheduler-pro-admin-demo\/wp-json\/wp\/v2\/users\/1"}],"replies":[{"embeddable":true,"href":"https:\/\/demo.weblizar.com\/appointment-scheduler-pro-admin-demo\/wp-json\/wp\/v2\/comments?post=4"}],"version-history":[{"count":5,"href":"https:\/\/demo.weblizar.com\/appointment-scheduler-pro-admin-demo\/wp-json\/wp\/v2\/pages\/4\/revisions"}],"predecessor-version":[{"id":3893,"href":"https:\/\/demo.weblizar.com\/appointment-scheduler-pro-admin-demo\/wp-json\/wp\/v2\/pages\/4\/revisions\/3893"}],"wp:attachment":[{"href":"https:\/\/demo.weblizar.com\/appointment-scheduler-pro-admin-demo\/wp-json\/wp\/v2\/media?parent=4"}],"curies":[{"name":"wp","href":"https:\/\/api.w.org\/{rel}","templated":true}]}}